{"id":3,"date":"2023-08-24T10:19:09","date_gmt":"2023-08-24T08:19:09","guid":{"rendered":"https:\/\/vitrine-md.marquedigitale.dev\/?page_id=3"},"modified":"2024-03-01T10:26:37","modified_gmt":"2024-03-01T09:26:37","slug":"politique-de-confidentialite","status":"publish","type":"page","link":"https:\/\/ecas-formation.fr\/?page_id=3","title":{"rendered":"Politique de confidentialit\u00e9"},"content":{"rendered":"\t\t<div data-elementor-type=\"wp-page\" data-elementor-id=\"3\" class=\"elementor elementor-3\" data-elementor-post-type=\"page\">\n\t\t\t\t<div class=\"elementor-element elementor-element-832634f marge e-flex e-con-boxed e-con e-parent\" data-id=\"832634f\" data-element_type=\"container\" data-settings=\"{&quot;background_background&quot;:&quot;classic&quot;,&quot;jet_parallax_layout_list&quot;:[]}\">\n\t\t\t\t\t<div class=\"e-con-inner\">\n\t\t\t\t<div class=\"elementor-element elementor-element-eda69de elementor-widget elementor-widget-heading\" data-id=\"eda69de\" data-element_type=\"widget\" data-widget_type=\"heading.default\">\n\t\t\t\t<div class=\"elementor-widget-container\">\n\t\t\t\t\t<h1 class=\"elementor-heading-title elementor-size-default\">Politique de confidentialit\u00e9<\/h1>\t\t\t\t<\/div>\n\t\t\t\t<\/div>\n\t\t\t\t<div class=\"elementor-element elementor-element-7d3e022 elementor-widget elementor-widget-dce-tokens\" data-id=\"7d3e022\" data-element_type=\"widget\" data-widget_type=\"dce-tokens.default\">\n\t\t\t\t<div class=\"elementor-widget-container\">\n\t\t\t\t\t\t\t<div class=\"dce-tokens\">\n\t\t<div data-id=\"3d5794d\" data-element_type=\"widget\" data-widget_type=\"text-editor.default\"><h2>Donn\u00e9es personnelles<\/h2><p>Notre site ne demande pas d\u2019enregistrement nominatif \u00e0 ses visiteurs et ne proc\u00e8de \u00e0 aucun enregistrement nominatif pour la simple consultation de ses pages. Cependant, dans certains cas (fonctionnalit\u00e9s de partage et aux modules sociaux, formulaires de contact, participation \u00e0 un jeu-concours, paiement en ligne\u2026), vous pouvez \u00eatre invit\u00e9 \u00e0 laisser des donn\u00e9es personnelles (noms, pr\u00e9noms, num\u00e9ros de t\u00e9l\u00e9phones, adresses postales, adresse \u00e9lectronique\u2026). Le caract\u00e8re obligatoire ou facultatif des donn\u00e9es vous est signal\u00e9 lors de la collecte par un ast\u00e9risque. Le cas \u00e9ch\u00e9ant, le formulaire de collecte pourra \u00eatre accompagn\u00e9 d\u2019une case \u00e0 cocher vous permettant d\u2019accepter ou de refuser que vos donn\u00e9es soient utilis\u00e9es \u00e0 des fins commerciales pour le compte de tiers, et\/ou c\u00e9d\u00e9es \u00e0 des tiers. Nous ne collectons aucune donn\u00e9e sensible, \u00e0 savoir aucune donn\u00e9e relative \u00e0 vos origines raciales ou ethniques, \u00e0 vos opinions politiques, philosophiques ou religieuses ou votre appartenance syndicale, ou qui sont relatives \u00e0 votre sant\u00e9 ou votre vie sexuelle. Par ailleurs, lors de la consultation de notre site web, nous sommes amen\u00e9s \u00e0 collecter et traiter des donn\u00e9es relatives \u00e0 votre navigation (notamment les cookies, votre adresse IP, les pages que vous avez consult\u00e9es et les recherches que vous avez effectu\u00e9es), et \u00e0 votre terminal (type de navigateur utilis\u00e9, mod\u00e8le et version de votre syst\u00e8me d\u2019exploitation, r\u00e9solution de votre \u00e9cran, pr\u00e9sence de certains plug-ins, \u2026). Nous r\u00e9aliserons \u00e9galement une g\u00e9olocalisation approximative de votre ville d\u2019origine. Ces donn\u00e9es seront utilis\u00e9es d\u2019une part pour r\u00e9aliser des statistiques d\u2019utilisation de notre site afin de le rendre plus pertinent, pour identifier les soci\u00e9t\u00e9s s\u2019int\u00e9ressant \u00e0 nos produits., et pour vous proposer des offres publicitaires sur et en dehors de notre site en rapport avec vos centres d\u2019int\u00e9r\u00eat et, \u00e9ventuellement, de votre localit\u00e9.<\/p><p>\u00a0<\/p><h2>Cookies<\/h2><p>Les cookies sont des petits fichiers textes stock\u00e9s dans votre navigateur lorsque vous consultez notre site sous r\u00e9serve du param\u00e9trage de votre navigateur et qui vont \u00eatre utilis\u00e9s pour reconna\u00eetre votre terminal lorsque vous vous connectez \u00e0 notre site afin :1. d\u2019\u00e9tablir des statistiques et comptages de fr\u00e9quentation et d\u2019utilisation des diverses rubriques et contenus de notre site afin de r\u00e9aliser des \u00e9tudes pour en am\u00e9liorer le contenu ;2. d\u2019adapter du contenu publicitaire \u00e0 vos centres d\u2019int\u00e9r\u00eats et, \u00e9ventuellement, votre localit\u00e9, qui r\u00e9sultent des donn\u00e9es de navigation de votre terminal parmi les rubriques de notre site sans que nous n\u2019ayons de donn\u00e9es personnelles permettant de vous identifier ou de vous contacter directement.<\/p><p>\u00a0<\/p><h2>Les cookies tiers<\/h2><p>Lorsque vous acc\u00e9dez \u00e0 notre site, un ou plusieurs cookies de soci\u00e9t\u00e9s partenaires (\u00ab cookies tiers \u00bb) sont susceptibles d\u2019\u00eatre plac\u00e9s dans votre terminal. Ces cookies tiers ont pour finalit\u00e9 d\u2019identifier vos centres d\u2019int\u00e9r\u00eat au travers des produits consult\u00e9s sur notre site et de collecter des donn\u00e9es de navigation afin de personnaliser l\u2019offre publicitaire qui vous est adress\u00e9e en dehors de nos sites. Nous veillons \u00e0 ce que les soci\u00e9t\u00e9s partenaires acceptent de traiter les informations collect\u00e9es sur nos sites dans le respect de la loi \u00abInformatique et Libert\u00e9s \u00bb du 6 janvier 1978 et s\u2019engagent \u00e0 mettre en \u0153uvre des mesures appropri\u00e9es de s\u00e9curisation et de protection de la confidentialit\u00e9 des donn\u00e9es.<\/p><p>\u00a0<\/p><h2>Les cookies int\u00e9gr\u00e9s \u00e0 des applications tierces sur notre site<\/h2><p>Nous sommes susceptibles d\u2019inclure une application informatique tierce dans certaines des fonctionnalit\u00e9s de notre site, permettant le partage de contenus par les utilisateurs de notre site, tels que les boutons \u00ab Partager \u00bb ou \u00ab J\u2019aime \u00bb de Facebook, ou les boutons \u00ab Twitter \u00bb, \u00ab LinkedIn \u00bb, etc.Le r\u00e9seau social fournissant l\u2019application est susceptible de vous identifier gr\u00e2ce \u00e0 ses propres cookies, m\u00eame si vous n\u2019avez pas utilis\u00e9 ses boutons lors de votre consultation de notre site, du seul fait que vous soyez connect\u00e9 \u00e0 votre compte utilisateur sur votre terminal aupr\u00e8s du r\u00e9seau social concern\u00e9. Nous n\u2019avons aucun contr\u00f4le sur le processus employ\u00e9 par les r\u00e9seaux sociaux pour collecter ces informations et vous invitons \u00e0 consulter les politiques de confidentialit\u00e9 de ces derniers.<\/p><p>\u00a0<\/p><h2>Destinataires des donn\u00e9es<\/h2><p>Le destinataire des donn\u00e9es collect\u00e9es depuis notre site est la soci\u00e9t\u00e9 Ecas.<\/p><p>\u00a0<\/p><h2>Vos droits<\/h2><p>Conform\u00e9ment \u00e0 la loi Informatique et Libert\u00e9s du 6 janvier 1978 modifi\u00e9e par la loi du 6 ao\u00fbt 2004, vous disposez de droits d\u2019acc\u00e8s, de rectification et d\u2019opposition aux donn\u00e9es personnelles vous concernant. Vous pouvez exercer ces droits :1. En ce qui concerne les donn\u00e9es collect\u00e9es par le biais du formulaire de contact : les droits peuvent \u00eatre exerc\u00e9s directement aupr\u00e8s de nous. Vous pouvez \u00e9galement consulter notre page d\u2019information sp\u00e9cifique aux cookies afin de refuser, si vous le d\u00e9sirez, le d\u00e9p\u00f4t de cookies lorsque vous naviguez sur notre site.<\/p><p>\u00a0<\/p><h2>Droits de propri\u00e9t\u00e9 intellectuelle<\/h2><p>Le contenu du pr\u00e9sent site (notamment et sans que cette liste soit limitative, les informations, d\u00e9nominations sociales, marques, logos, d\u00e9nominations vari\u00e9tales, dessins, slogans ou plus g\u00e9n\u00e9ralement tous signes distinctifs, textes, graphiques, donn\u00e9es, images, photographies, visuels, base de donn\u00e9es, formes, le site lui-m\u00eame ainsi que tous ces \u00e9l\u00e9ments) est prot\u00e9g\u00e9 au titre du droit de la propri\u00e9t\u00e9 intellectuelle.<\/p><p>Toute utilisation et\/ou reproduction et\/ou repr\u00e9sentation desdites d\u00e9nominations sociales, marques, logos d\u00e9nominations vari\u00e9tales, dessins, slogans ou plus g\u00e9n\u00e9ralement tous signes distinctifs, textes, graphiques, donn\u00e9es, images, photographies, visuels, base de donn\u00e9es, formes du site lui-m\u00eame et de tous ces \u00e9l\u00e9ments, consultables sur le site internet est strictement prohib\u00e9e, sauf autorisation pr\u00e9alable et \u00e9crite de Ecas.<\/p><p>Toute copie, impression, reproduction, repr\u00e9sentation, adaptation, exploitation, alt\u00e9ration, traduction, diffusion int\u00e9grale ou partielle, du contenu du pr\u00e9sent site, par quelque proc\u00e9d\u00e9 que ce soit, est illicite et constituerait un acte de contrefa\u00e7on \u2013 \u00e0 l\u2019exception de la copie priv\u00e9e r\u00e9serv\u00e9e uniquement \u00e0 l\u2019usage priv\u00e9 du copiste \u2013 et\/ou un acte de concurrence d\u00e9loyale et\/ou un acte de parasitisme, tel(s) que d\u00e9fini(s) par la l\u00e9gislation ou r\u00e9glementation applicable.<\/p><p>La cr\u00e9ation ou l\u2019utilisation de liens hypertextes vers une ou plusieurs pages du site ou vers l\u2019un de ses \u00e9l\u00e9ments est interdite, sauf autorisation pr\u00e9alable et \u00e9crite de Ecas.<\/p><p>Le site contient des liens hypertextes vers d\u2019autres sites. Ecas ne pourra \u00eatre tenue responsable du contenu des sites auquel elle renvoie et\/ou pointe et de l\u2019usage qui pourra en \u00eatre fait par les utilisateurs.<\/p><p>\u00a0<\/p><h2>Accessibilit\u00e9 du site\/Responsabilit\u00e9<\/h2><p>L\u2019ensemble des informations et documents accessibles via le pr\u00e9sent site sont fournis \u00ab en l\u2019\u00e9tat \u00bb et \u00ab sous toute r\u00e9serve \u00bb. Ecas ne donne aucune garantie, expresse ou tacite, et n\u2019assume aucune responsabilit\u00e9 relative \u00e0 l\u2019utilisation de ces informations. Ecas n\u2019est pas responsable des inexactitudes, des erreurs, omissions et informations partielles contenues sur ce site. Ecas se r\u00e9serve le droit de modifier ou de corriger \u00e0 tout moment le contenu de son site. L\u2019utilisateur utilise les donn\u00e9es et informations contenues sur le site sous sa seule et enti\u00e8re responsabilit\u00e9.<\/p><p>Ecas s\u2019efforce de maintenir accessible le pr\u00e9sent site, mais n\u2019est aucunement tenu d\u2019une obligation d\u2019y parvenir. L\u2019acc\u00e8s \u00e0 tout ou partie du pr\u00e9sent site pourra \u00eatre modifi\u00e9, suspendu voire interrompu en cas de maintenance, de mise \u00e0 jour, et pour toute autre raison, sur simple d\u00e9cision de Ecas notamment d\u2019ordre technique ou juridique.<\/p><p>En aucun cas, Ecas ne pourra \u00eatre tenue pour responsable desdites modifications, suspensions, voire interruptions, des dommages directs ou indirects, des pertes et pr\u00e9judices de quelque nature qu\u2019ils soient, r\u00e9sultant de l\u2019acc\u00e8s ou de l\u2019utilisation de ce site ou d\u2019une quelconque information obtenue sur ce site. Toutes les informations, textes, pr\u00e9sentations, documents et photographies disponibles sur ce site ne sont pas contractuels et sont donn\u00e9s \u00e0 titre indicatif.<\/p><p>En outre, Ecas ne pourra \u00eatre tenu responsable de tout dommage r\u00e9sultant de l\u2019infection du mat\u00e9riel informatique des utilisateurs par un virus ou autres infections informatiques. Il leur appartient de prendre toutes les mesures n\u00e9cessaires de protection contre les virus d\u00e8s lors que vous acc\u00e9dez au site ou t\u00e9l\u00e9chargez des documents depuis ce site.<\/p><p>\u00a0<\/p><h2>Loi applicable<\/h2><p>Le pr\u00e9sent site et ses conditions d\u2019utilisation sont soumis exclusivement au droit fran\u00e7ais. Tout litige relatif \u00e0 ce site et aux mentions l\u00e9gales sera port\u00e9 exclusivement devant les tribunaux comp\u00e9tents dans le ressort desquels est situ\u00e9 le si\u00e8ge social.<\/p><\/div>\t\t<\/div>\n\t\t\t\t\t\t<\/div>\n\t\t\t\t<\/div>\n\t\t\t\t\t<\/div>\n\t\t\t\t<\/div>\n\t\t\t\t<\/div>\n\t\t","protected":false},"excerpt":{"rendered":"<p>Politique de confidentialit\u00e9 Donn\u00e9es personnelles Notre site ne demande pas d\u2019enregistrement nominatif \u00e0 ses visiteurs et ne proc\u00e8de \u00e0 aucun enregistrement nominatif pour la simple consultation de ses pages. Cependant, dans certains cas (fonctionnalit\u00e9s de partage et aux modules sociaux, formulaires de contact, participation \u00e0 un jeu-concours, paiement en ligne\u2026), vous pouvez \u00eatre invit\u00e9 \u00e0 [&hellip;]<\/p>\n","protected":false},"author":7,"featured_media":0,"parent":0,"menu_order":0,"comment_status":"closed","ping_status":"open","template":"","meta":{"_acf_changed":false,"footnotes":""},"class_list":["post-3","page","type-page","status-publish","hentry"],"acf":[],"yoast_head":"<!-- This site is optimized with the Yoast SEO plugin v27.3 - https:\/\/yoast.com\/product\/yoast-seo-wordpress\/ -->\n<title>Politique de confidentialit\u00e9 - ECAS - Formation m\u00e9tiers d&#039;animation \u00e0 Valence<\/title>\n<meta name=\"description\" content=\"Politique de confidentialit\u00e9 - ECAS - l\u2019ECAS propose des formations professionnelles originales, d\u00e9di\u00e9es aux m\u00e9tiers des studios d\u2019animation 3D.\" \/>\n<meta name=\"robots\" content=\"noindex, nofollow\" \/>\n<meta property=\"og:locale\" content=\"fr_FR\" \/>\n<meta property=\"og:type\" content=\"article\" \/>\n<meta property=\"og:title\" content=\"Politique de confidentialit\u00e9 - ECAS - Formation m\u00e9tiers d&#039;animation \u00e0 Valence\" \/>\n<meta property=\"og:description\" content=\"Politique de confidentialit\u00e9 - ECAS - l\u2019ECAS propose des formations professionnelles originales, d\u00e9di\u00e9es aux m\u00e9tiers des studios d\u2019animation 3D.\" \/>\n<meta property=\"og:url\" content=\"https:\/\/ecas-formation.fr\/?page_id=3\" \/>\n<meta property=\"og:site_name\" content=\"Ecas\" \/>\n<meta property=\"article:modified_time\" content=\"2024-03-01T09:26:37+00:00\" \/>\n<meta name=\"twitter:card\" content=\"summary_large_image\" \/>\n<meta name=\"twitter:label1\" content=\"Dur\u00e9e de lecture estim\u00e9e\" \/>\n\t<meta name=\"twitter:data1\" content=\"7 minutes\" \/>\n<script type=\"application\/ld+json\" class=\"yoast-schema-graph\">{\"@context\":\"https:\\\/\\\/schema.org\",\"@graph\":[{\"@type\":\"WebPage\",\"@id\":\"https:\\\/\\\/ecas-formation.fr\\\/?page_id=3\",\"url\":\"https:\\\/\\\/ecas-formation.fr\\\/?page_id=3\",\"name\":\"Politique de confidentialit\u00e9 - ECAS - Formation m\u00e9tiers d'animation \u00e0 Valence\",\"isPartOf\":{\"@id\":\"https:\\\/\\\/ecas-formation.fr\\\/#website\"},\"datePublished\":\"2023-08-24T08:19:09+00:00\",\"dateModified\":\"2024-03-01T09:26:37+00:00\",\"description\":\"Politique de confidentialit\u00e9 - ECAS - l\u2019ECAS propose des formations professionnelles originales, d\u00e9di\u00e9es aux m\u00e9tiers des studios d\u2019animation 3D.\",\"breadcrumb\":{\"@id\":\"https:\\\/\\\/ecas-formation.fr\\\/?page_id=3#breadcrumb\"},\"inLanguage\":\"fr-FR\",\"potentialAction\":[{\"@type\":\"ReadAction\",\"target\":[\"https:\\\/\\\/ecas-formation.fr\\\/?page_id=3\"]}]},{\"@type\":\"BreadcrumbList\",\"@id\":\"https:\\\/\\\/ecas-formation.fr\\\/?page_id=3#breadcrumb\",\"itemListElement\":[{\"@type\":\"ListItem\",\"position\":1,\"name\":\"Accueil\",\"item\":\"https:\\\/\\\/ecas-formation.fr\\\/\"},{\"@type\":\"ListItem\",\"position\":2,\"name\":\"Politique de confidentialit\u00e9\"}]},{\"@type\":\"WebSite\",\"@id\":\"https:\\\/\\\/ecas-formation.fr\\\/#website\",\"url\":\"https:\\\/\\\/ecas-formation.fr\\\/\",\"name\":\"Ecas\",\"description\":\"\",\"publisher\":{\"@id\":\"https:\\\/\\\/ecas-formation.fr\\\/#organization\"},\"potentialAction\":[{\"@type\":\"SearchAction\",\"target\":{\"@type\":\"EntryPoint\",\"urlTemplate\":\"https:\\\/\\\/ecas-formation.fr\\\/?s={search_term_string}\"},\"query-input\":{\"@type\":\"PropertyValueSpecification\",\"valueRequired\":true,\"valueName\":\"search_term_string\"}}],\"inLanguage\":\"fr-FR\"},{\"@type\":\"Organization\",\"@id\":\"https:\\\/\\\/ecas-formation.fr\\\/#organization\",\"name\":\"Ecas\",\"url\":\"https:\\\/\\\/ecas-formation.fr\\\/\",\"logo\":{\"@type\":\"ImageObject\",\"inLanguage\":\"fr-FR\",\"@id\":\"https:\\\/\\\/ecas-formation.fr\\\/#\\\/schema\\\/logo\\\/image\\\/\",\"url\":\"https:\\\/\\\/ecas-formation.fr\\\/wp-content\\\/uploads\\\/2023\\\/08\\\/Fichier-5.svg\",\"contentUrl\":\"https:\\\/\\\/ecas-formation.fr\\\/wp-content\\\/uploads\\\/2023\\\/08\\\/Fichier-5.svg\",\"width\":271,\"height\":65,\"caption\":\"Ecas\"},\"image\":{\"@id\":\"https:\\\/\\\/ecas-formation.fr\\\/#\\\/schema\\\/logo\\\/image\\\/\"}}]}<\/script>\n<!-- \/ Yoast SEO plugin. -->","yoast_head_json":{"title":"Politique de confidentialit\u00e9 - ECAS - Formation m\u00e9tiers d'animation \u00e0 Valence","description":"Politique de confidentialit\u00e9 - ECAS - l\u2019ECAS propose des formations professionnelles originales, d\u00e9di\u00e9es aux m\u00e9tiers des studios d\u2019animation 3D.","robots":{"index":"noindex","follow":"nofollow"},"og_locale":"fr_FR","og_type":"article","og_title":"Politique de confidentialit\u00e9 - ECAS - Formation m\u00e9tiers d'animation \u00e0 Valence","og_description":"Politique de confidentialit\u00e9 - ECAS - l\u2019ECAS propose des formations professionnelles originales, d\u00e9di\u00e9es aux m\u00e9tiers des studios d\u2019animation 3D.","og_url":"https:\/\/ecas-formation.fr\/?page_id=3","og_site_name":"Ecas","article_modified_time":"2024-03-01T09:26:37+00:00","twitter_card":"summary_large_image","twitter_misc":{"Dur\u00e9e de lecture estim\u00e9e":"7 minutes"},"schema":{"@context":"https:\/\/schema.org","@graph":[{"@type":"WebPage","@id":"https:\/\/ecas-formation.fr\/?page_id=3","url":"https:\/\/ecas-formation.fr\/?page_id=3","name":"Politique de confidentialit\u00e9 - ECAS - Formation m\u00e9tiers d'animation \u00e0 Valence","isPartOf":{"@id":"https:\/\/ecas-formation.fr\/#website"},"datePublished":"2023-08-24T08:19:09+00:00","dateModified":"2024-03-01T09:26:37+00:00","description":"Politique de confidentialit\u00e9 - ECAS - l\u2019ECAS propose des formations professionnelles originales, d\u00e9di\u00e9es aux m\u00e9tiers des studios d\u2019animation 3D.","breadcrumb":{"@id":"https:\/\/ecas-formation.fr\/?page_id=3#breadcrumb"},"inLanguage":"fr-FR","potentialAction":[{"@type":"ReadAction","target":["https:\/\/ecas-formation.fr\/?page_id=3"]}]},{"@type":"BreadcrumbList","@id":"https:\/\/ecas-formation.fr\/?page_id=3#breadcrumb","itemListElement":[{"@type":"ListItem","position":1,"name":"Accueil","item":"https:\/\/ecas-formation.fr\/"},{"@type":"ListItem","position":2,"name":"Politique de confidentialit\u00e9"}]},{"@type":"WebSite","@id":"https:\/\/ecas-formation.fr\/#website","url":"https:\/\/ecas-formation.fr\/","name":"Ecas","description":"","publisher":{"@id":"https:\/\/ecas-formation.fr\/#organization"},"potentialAction":[{"@type":"SearchAction","target":{"@type":"EntryPoint","urlTemplate":"https:\/\/ecas-formation.fr\/?s={search_term_string}"},"query-input":{"@type":"PropertyValueSpecification","valueRequired":true,"valueName":"search_term_string"}}],"inLanguage":"fr-FR"},{"@type":"Organization","@id":"https:\/\/ecas-formation.fr\/#organization","name":"Ecas","url":"https:\/\/ecas-formation.fr\/","logo":{"@type":"ImageObject","inLanguage":"fr-FR","@id":"https:\/\/ecas-formation.fr\/#\/schema\/logo\/image\/","url":"https:\/\/ecas-formation.fr\/wp-content\/uploads\/2023\/08\/Fichier-5.svg","contentUrl":"https:\/\/ecas-formation.fr\/wp-content\/uploads\/2023\/08\/Fichier-5.svg","width":271,"height":65,"caption":"Ecas"},"image":{"@id":"https:\/\/ecas-formation.fr\/#\/schema\/logo\/image\/"}}]}},"_links":{"self":[{"href":"https:\/\/ecas-formation.fr\/index.php?rest_route=\/wp\/v2\/pages\/3","targetHints":{"allow":["GET"]}}],"collection":[{"href":"https:\/\/ecas-formation.fr\/index.php?rest_route=\/wp\/v2\/pages"}],"about":[{"href":"https:\/\/ecas-formation.fr\/index.php?rest_route=\/wp\/v2\/types\/page"}],"author":[{"embeddable":true,"href":"https:\/\/ecas-formation.fr\/index.php?rest_route=\/wp\/v2\/users\/7"}],"replies":[{"embeddable":true,"href":"https:\/\/ecas-formation.fr\/index.php?rest_route=%2Fwp%2Fv2%2Fcomments&post=3"}],"version-history":[{"count":12,"href":"https:\/\/ecas-formation.fr\/index.php?rest_route=\/wp\/v2\/pages\/3\/revisions"}],"predecessor-version":[{"id":1526,"href":"https:\/\/ecas-formation.fr\/index.php?rest_route=\/wp\/v2\/pages\/3\/revisions\/1526"}],"wp:attachment":[{"href":"https:\/\/ecas-formation.fr\/index.php?rest_route=%2Fwp%2Fv2%2Fmedia&parent=3"}],"curies":[{"name":"wp","href":"https:\/\/api.w.org\/{rel}","templated":true}]}}